{"id":3158,"date":"2021-09-15T18:25:21","date_gmt":"2021-09-15T16:25:21","guid":{"rendered":"https:\/\/digitalbros.com\/philosophy-and-values\/"},"modified":"2021-11-19T15:09:10","modified_gmt":"2021-11-19T14:09:10","slug":"filosofia-e-valori","status":"publish","type":"page","link":"https:\/\/digitalbros.com\/it\/gruppo\/filosofia-e-valori\/","title":{"rendered":"Filosofia e valori"},"content":{"rendered":"<div class=\"js-section-container container m-auto pt-8 mb-0\">\r\n    <div class=\"px-8 lg:px-0 md:flex flex-row w-full mb-2 md:w-1\/2 lg:w-3\/5 py-4 md:py-4\">\r\n        <h2 class=\"text-2xl font-bold lg:mb-1 leading-none px-4 text-red uppercase has-kebab-line\">\r\n            Filosofia e valori        <\/h2>\r\n    <\/div>\r\n<\/div>\n\n\n<p>Il Gruppo \u00e8 guidato dalla volont\u00e0 di creare contenuti sempre nuovi per il mercato dell\u2019<em>entertainment<\/em> stimolando la curiosit\u00e0 e l\u2019immaginazione dei propri consumatori. Dalla sua fondazione nel 1989, il Gruppo \u00e8 sempre stato attento alle esigenze del mercato, lanciando numerosi titoli di eccellenza e offrendo agli utenti esperienze di gioco immersive e mai uguali.<\/p>\n\n\n\n<p>Creativit\u00e0, innovazione, passione, internazionalizzazione e lavoro di squadra guidano l\u2019attivit\u00e0 quotidiana di Digital Bros:<\/p>\n\n\n\n<div class=\"wp-block-columns is-layout-flex wp-container-core-columns-is-layout-9d6595d7 wp-block-columns-is-layout-flex\">\n<div class=\"wp-block-column is-layout-flow wp-block-column-is-layout-flow\">\n<h3 class=\"wp-block-heading\"><strong><strong>Creativit\u00e0<\/strong><\/strong><\/h3>\n\n\n\n<p>in Digital Bros coltiviamo la fantasia e l\u2019inventiva. Permettendo e stimolando l\u2019espressione creativa di ciascuno, realizziamo videogames mai uguali e alla base di un portfolio prodotti particolarmente diversificato<\/p>\n<\/div>\n\n\n\n<div class=\"wp-block-column is-layout-flow wp-block-column-is-layout-flow\">\n<h3 class=\"wp-block-heading\"><strong><strong><strong><strong>Innovazione<\/strong><\/strong><\/strong><\/strong><\/h3>\n\n\n\n<p>Amiamo quello che facciamo, valorizziamo il cambiamento e le nuove idee al fine di garantire contenuti in linea con le richieste del mercato e la costante evoluzione tecnologica che caratterizza il nostro settore. La spinta verso il futuro \u00e8 la chiave del nostro valore<\/p>\n<\/div>\n\n\n\n<div class=\"wp-block-column is-layout-flow wp-block-column-is-layout-flow\">\n<h3 class=\"wp-block-heading\"><strong><strong>Passione<\/strong><\/strong><\/h3>\n\n\n\n<p>Conosciamo il mercato dei la curiosit\u00e0 e la voglia di spingersi sempre oltre senza sentirsi appagati sono alla base del nostro lavoro. L\u2019impegno e la dedizione di ognuno di noi da ogni giorno vita a videogames capaci di appassionare milioni di giocatori e fare di Digital Bros uno dei player di riferimento nell\u2019industria<\/p>\n<\/div>\n<\/div>\n\n\n\n<div class=\"wp-block-columns is-layout-flex wp-container-core-columns-is-layout-9d6595d7 wp-block-columns-is-layout-flex\">\n<div class=\"wp-block-column is-layout-flow wp-block-column-is-layout-flow\">\n<h3 class=\"wp-block-heading\"><strong> <strong><strong>Internazionalizzazione<\/strong><\/strong> <\/strong><\/h3>\n\n\n\n<p>vogliamo creare videogames in grado di divertire i giocatori di tutto il mondo nel totale rispetto della diversit\u00e0 culturale. Le nostre sedi internazionali ci permettono di conoscere a fondo le peculiarit\u00e0 di ogni regione, garantendoci una presenza stabile in ogni mercato dal pi\u00f9 consolidato all\u2019emergente<\/p>\n<\/div>\n\n\n\n<div class=\"wp-block-column is-layout-flow wp-block-column-is-layout-flow\">\n<h3 class=\"wp-block-heading\"><strong><strong><strong>Lavoro di squadra<\/strong><\/strong><\/strong><\/h3>\n\n\n\n<p>collaborazione, fiducia e motivazione sono alla base del nostro impegno. Ogni giorno i nostri team in tutto il mondo lavorano assieme, promuovendo un dialogo costruttivo e un ambiente inclusivo e sostenibile in cui ognuno possa crescere e vedere il proprio talento valorizzato<\/p>\n<\/div>\n\n\n\n<div class=\"wp-block-column is-layout-flow wp-block-column-is-layout-flow\">\n<h3 class=\"wp-block-heading\"><\/h3>\n\n\n\n<p><\/p>\n<\/div>\n<\/div>\n","protected":false},"excerpt":{"rendered":"<p>Il Gruppo \u00e8 guidato dalla volont\u00e0 di creare contenuti sempre nuovi per il mercato dell\u2019entertainment stimolando la curiosit\u00e0 e l\u2019immaginazione dei propri consumatori. Dalla sua fondazione nel 1989, il Gruppo \u00e8 sempre stato attento alle esigenze del mercato, lanciando numerosi titoli di eccellenza e offrendo agli utenti esperienze di gioco immersive e mai uguali. Creativit\u00e0, [&hellip;]<\/p>\n","protected":false},"author":1,"featured_media":0,"parent":3164,"menu_order":3,"comment_status":"closed","ping_status":"closed","template":"","meta":{"_acf_changed":false,"footnotes":""},"class_list":["post-3158","page","type-page","status-publish","hentry"],"acf":[],"yoast_head":"<!-- This site is optimized with the Yoast SEO plugin v27.0 - https:\/\/yoast.com\/product\/yoast-seo-wordpress\/ -->\n<title>Filosofia e valori - Digital Bros<\/title>\n<meta name=\"robots\" content=\"index, follow, max-snippet:-1, max-image-preview:large, max-video-preview:-1\" \/>\n<link rel=\"canonical\" href=\"https:\/\/digitalbros.com\/it\/gruppo\/filosofia-e-valori\/\" \/>\n<meta property=\"og:locale\" content=\"it_IT\" \/>\n<meta property=\"og:type\" content=\"article\" \/>\n<meta property=\"og:title\" content=\"Filosofia e valori - Digital Bros\" \/>\n<meta property=\"og:description\" content=\"Il Gruppo \u00e8 guidato dalla volont\u00e0 di creare contenuti sempre nuovi per il mercato dell\u2019entertainment stimolando la curiosit\u00e0 e l\u2019immaginazione dei propri consumatori. Dalla sua fondazione nel 1989, il Gruppo \u00e8 sempre stato attento alle esigenze del mercato, lanciando numerosi titoli di eccellenza e offrendo agli utenti esperienze di gioco immersive e mai uguali. Creativit\u00e0, [&hellip;]\" \/>\n<meta property=\"og:url\" content=\"https:\/\/digitalbros.com\/it\/gruppo\/filosofia-e-valori\/\" \/>\n<meta property=\"og:site_name\" content=\"Digital Bros\" \/>\n<meta property=\"article:modified_time\" content=\"2021-11-19T14:09:10+00:00\" \/>\n<meta name=\"twitter:card\" content=\"summary_large_image\" \/>\n<meta name=\"twitter:label1\" content=\"Tempo di lettura stimato\" \/>\n\t<meta name=\"twitter:data1\" content=\"1 minuto\" \/>\n<script type=\"application\/ld+json\" class=\"yoast-schema-graph\">{\"@context\":\"https:\/\/schema.org\",\"@graph\":[{\"@type\":\"WebPage\",\"@id\":\"https:\/\/digitalbros.com\/it\/gruppo\/filosofia-e-valori\/\",\"url\":\"https:\/\/digitalbros.com\/it\/gruppo\/filosofia-e-valori\/\",\"name\":\"Filosofia e valori - Digital Bros\",\"isPartOf\":{\"@id\":\"https:\/\/digitalbros.com\/#website\"},\"datePublished\":\"2021-09-15T16:25:21+00:00\",\"dateModified\":\"2021-11-19T14:09:10+00:00\",\"breadcrumb\":{\"@id\":\"https:\/\/digitalbros.com\/it\/gruppo\/filosofia-e-valori\/#breadcrumb\"},\"inLanguage\":\"it-IT\",\"potentialAction\":[{\"@type\":\"ReadAction\",\"target\":[\"https:\/\/digitalbros.com\/it\/gruppo\/filosofia-e-valori\/\"]}]},{\"@type\":\"BreadcrumbList\",\"@id\":\"https:\/\/digitalbros.com\/it\/gruppo\/filosofia-e-valori\/#breadcrumb\",\"itemListElement\":[{\"@type\":\"ListItem\",\"position\":1,\"name\":\"Home\",\"item\":\"https:\/\/digitalbros.com\/it\/\"},{\"@type\":\"ListItem\",\"position\":2,\"name\":\"Gruppo\",\"item\":\"https:\/\/digitalbros.com\/it\/gruppo\/\"},{\"@type\":\"ListItem\",\"position\":3,\"name\":\"Filosofia e valori\"}]},{\"@type\":\"WebSite\",\"@id\":\"https:\/\/digitalbros.com\/#website\",\"url\":\"https:\/\/digitalbros.com\/\",\"name\":\"Digital Bros\",\"description\":\"A Global Company in Digital Entertainment Industry\",\"publisher\":{\"@id\":\"https:\/\/digitalbros.com\/#organization\"},\"potentialAction\":[{\"@type\":\"SearchAction\",\"target\":{\"@type\":\"EntryPoint\",\"urlTemplate\":\"https:\/\/digitalbros.com\/?s={search_term_string}\"},\"query-input\":{\"@type\":\"PropertyValueSpecification\",\"valueRequired\":true,\"valueName\":\"search_term_string\"}}],\"inLanguage\":\"it-IT\"},{\"@type\":\"Organization\",\"@id\":\"https:\/\/digitalbros.com\/#organization\",\"name\":\"Digital Bros\",\"url\":\"https:\/\/digitalbros.com\/\",\"logo\":{\"@type\":\"ImageObject\",\"inLanguage\":\"it-IT\",\"@id\":\"https:\/\/digitalbros.com\/#\/schema\/logo\/image\/\",\"url\":\"https:\/\/digitalbros.com\/wp-content\/uploads\/2022\/01\/DB_logo_wt.png\",\"contentUrl\":\"https:\/\/digitalbros.com\/wp-content\/uploads\/2022\/01\/DB_logo_wt.png\",\"width\":1535,\"height\":402,\"caption\":\"Digital Bros\"},\"image\":{\"@id\":\"https:\/\/digitalbros.com\/#\/schema\/logo\/image\/\"}}]}<\/script>\n<!-- \/ Yoast SEO plugin. -->","yoast_head_json":{"title":"Filosofia e valori - Digital Bros","robots":{"index":"index","follow":"follow","max-snippet":"max-snippet:-1","max-image-preview":"max-image-preview:large","max-video-preview":"max-video-preview:-1"},"canonical":"https:\/\/digitalbros.com\/it\/gruppo\/filosofia-e-valori\/","og_locale":"it_IT","og_type":"article","og_title":"Filosofia e valori - Digital Bros","og_description":"Il Gruppo \u00e8 guidato dalla volont\u00e0 di creare contenuti sempre nuovi per il mercato dell\u2019entertainment stimolando la curiosit\u00e0 e l\u2019immaginazione dei propri consumatori. Dalla sua fondazione nel 1989, il Gruppo \u00e8 sempre stato attento alle esigenze del mercato, lanciando numerosi titoli di eccellenza e offrendo agli utenti esperienze di gioco immersive e mai uguali. Creativit\u00e0, [&hellip;]","og_url":"https:\/\/digitalbros.com\/it\/gruppo\/filosofia-e-valori\/","og_site_name":"Digital Bros","article_modified_time":"2021-11-19T14:09:10+00:00","twitter_card":"summary_large_image","twitter_misc":{"Tempo di lettura stimato":"1 minuto"},"schema":{"@context":"https:\/\/schema.org","@graph":[{"@type":"WebPage","@id":"https:\/\/digitalbros.com\/it\/gruppo\/filosofia-e-valori\/","url":"https:\/\/digitalbros.com\/it\/gruppo\/filosofia-e-valori\/","name":"Filosofia e valori - Digital Bros","isPartOf":{"@id":"https:\/\/digitalbros.com\/#website"},"datePublished":"2021-09-15T16:25:21+00:00","dateModified":"2021-11-19T14:09:10+00:00","breadcrumb":{"@id":"https:\/\/digitalbros.com\/it\/gruppo\/filosofia-e-valori\/#breadcrumb"},"inLanguage":"it-IT","potentialAction":[{"@type":"ReadAction","target":["https:\/\/digitalbros.com\/it\/gruppo\/filosofia-e-valori\/"]}]},{"@type":"BreadcrumbList","@id":"https:\/\/digitalbros.com\/it\/gruppo\/filosofia-e-valori\/#breadcrumb","itemListElement":[{"@type":"ListItem","position":1,"name":"Home","item":"https:\/\/digitalbros.com\/it\/"},{"@type":"ListItem","position":2,"name":"Gruppo","item":"https:\/\/digitalbros.com\/it\/gruppo\/"},{"@type":"ListItem","position":3,"name":"Filosofia e valori"}]},{"@type":"WebSite","@id":"https:\/\/digitalbros.com\/#website","url":"https:\/\/digitalbros.com\/","name":"Digital Bros","description":"A Global Company in Digital Entertainment Industry","publisher":{"@id":"https:\/\/digitalbros.com\/#organization"},"potentialAction":[{"@type":"SearchAction","target":{"@type":"EntryPoint","urlTemplate":"https:\/\/digitalbros.com\/?s={search_term_string}"},"query-input":{"@type":"PropertyValueSpecification","valueRequired":true,"valueName":"search_term_string"}}],"inLanguage":"it-IT"},{"@type":"Organization","@id":"https:\/\/digitalbros.com\/#organization","name":"Digital Bros","url":"https:\/\/digitalbros.com\/","logo":{"@type":"ImageObject","inLanguage":"it-IT","@id":"https:\/\/digitalbros.com\/#\/schema\/logo\/image\/","url":"https:\/\/digitalbros.com\/wp-content\/uploads\/2022\/01\/DB_logo_wt.png","contentUrl":"https:\/\/digitalbros.com\/wp-content\/uploads\/2022\/01\/DB_logo_wt.png","width":1535,"height":402,"caption":"Digital Bros"},"image":{"@id":"https:\/\/digitalbros.com\/#\/schema\/logo\/image\/"}}]}},"_links":{"self":[{"href":"https:\/\/digitalbros.com\/it\/wp-json\/wp\/v2\/pages\/3158","targetHints":{"allow":["GET"]}}],"collection":[{"href":"https:\/\/digitalbros.com\/it\/wp-json\/wp\/v2\/pages"}],"about":[{"href":"https:\/\/digitalbros.com\/it\/wp-json\/wp\/v2\/types\/page"}],"author":[{"embeddable":true,"href":"https:\/\/digitalbros.com\/it\/wp-json\/wp\/v2\/users\/1"}],"replies":[{"embeddable":true,"href":"https:\/\/digitalbros.com\/it\/wp-json\/wp\/v2\/comments?post=3158"}],"version-history":[{"count":0,"href":"https:\/\/digitalbros.com\/it\/wp-json\/wp\/v2\/pages\/3158\/revisions"}],"up":[{"embeddable":true,"href":"https:\/\/digitalbros.com\/it\/wp-json\/wp\/v2\/pages\/3164"}],"wp:attachment":[{"href":"https:\/\/digitalbros.com\/it\/wp-json\/wp\/v2\/media?parent=3158"}],"curies":[{"name":"wp","href":"https:\/\/api.w.org\/{rel}","templated":true}]}}