{"id":3299,"date":"2021-10-07T16:14:34","date_gmt":"2021-10-07T14:14:34","guid":{"rendered":"https:\/\/digitalbros.com\/?page_id=3299"},"modified":"2026-01-07T12:01:02","modified_gmt":"2026-01-07T11:01:02","slug":"publishing","status":"publish","type":"page","link":"https:\/\/digitalbros.com\/it\/attivita\/publishing\/","title":{"rendered":"Publishing"},"content":{"rendered":"<section class=\"block--text-image-element mb-24 relative b-ltr\">\r\n\r\n    <div class=\"flex flex-col lg:flex-row justify-between\">\r\n        <div class=\"block--text-image-element--image z-10 relative lg:w-1\/2\">\r\n            <div class=\"js-image-container\">\r\n                <img decoding=\"async\" class=\"js-post-featured-image\" src=\"https:\/\/digitalbros.com\/wp-content\/uploads\/2024\/11\/505_media_nov2024_v2.jpg\" \/>\r\n            <\/div>\r\n        <\/div>\r\n\r\n        <div class=\"block--text-image-element--content flex flex-col justify-center p-10 bg-lightgray lg:w-1\/2\">\r\n            <h2 class=\"text-2xl font-black leading-none px-4 text-red uppercase has-kebab-line\">\r\n                PUBLISHING            <\/h2>\r\n            <div class=\"js-post-container\">\r\n                <p>\r\n                    <strong class=\"js-post-date\">\r\n                        Il publishing multipiattaforma internazionale                    <\/strong>\r\n                <\/p>\r\n\r\n                <div class=\"mt-8 lg:my-8\">\r\n                    <div class=\"js-post-excerpt\">\r\n                        <div class=\"pt-4 flex flex-row space-around content-center space-x-5 \"><div class=\"p-6\"><a href=\"https:\/\/505games.com\/\" target=\"_blank\"><img decoding=\"async\" src=\"https:\/\/digitalbros.com\/wp-content\/themes\/digitalbros2022\/images\/logo_505_games.png\"><\/a><\/div><div class=\"p-6\"><img decoding=\"async\" src=\"https:\/\/digitalbros.com\/wp-content\/themes\/digitalbros2022\/images\/505Pulse_PNG_HQ.png\"><\/div><\/div>\n<p style=\"text-align: justify;\"><span style=\"font-size: 11.0pt;\">Il Gruppo pubblica videogiochi sia nel segmento Premium che nel segmento Free to Play su tutte le piattaforme di gioco attraverso la propria controllata <b>505 Games<\/b>. <\/span><\/p>\n<p style=\"text-align: justify;\"><span style=\"font-size: 11.0pt;\">Di recente, Digital Bros ha costituito l\u2019etichetta <b>505 Pulse <\/b>(precedentemente Hook), dedicata al publishing di videogiochi creati da sviluppatori emergenti, e ha acquisito <a href=\"https:\/\/d3go.com\/\"><strong>505 Go!<\/strong><\/a> (precedentemente <strong>D3 Go!<\/strong>)\u00a0editore leader a livello mondiale di videogiochi originali e su licenza, espandendo cos\u00ec ulteriormente il proprio business Free to Play.<\/span><\/p>\n                    <\/div>\r\n                <\/div>\r\n            <\/div>\r\n\r\n        <\/div>\r\n    <\/div>\r\n\r\n<\/section>\r\n\n\n\n<p>I videogiochi pubblicati dal Gruppo possono essere sviluppati sia dagli <em>Studios<\/em> interni del Gruppo oppure da sviluppatori indipendenti selezionati al termine di un processo di ricerca ed individuazione dei progetti e delle Propriet\u00e0 Intellettuali a pi\u00f9 alto potenziale.<\/p>\n\n\n\n<p>In qualit\u00e0 di Publisher, il Gruppo oltre a finanziare la creazione del videogioco, si occupa di supervisionarne lo sviluppo e la produzione. Successivamente, ne segue i processi di localizzazione e culturizzazione, le strategie di marketing e comunicazione, e la commercializzazione attraverso i diversi canali distributivi.<\/p>\n\n\n\n<p>Fra i titoli pi\u00f9 recenti e di maggior successo pubblicati, il Gruppo annovera: Control, Assetto Corsa, Bloodstained, Ghostrunner, Gems of War e Death Stranding (versione PC).<\/p>\n","protected":false},"excerpt":{"rendered":"<p>I videogiochi pubblicati dal Gruppo possono essere sviluppati sia dagli Studios interni del Gruppo oppure da sviluppatori indipendenti selezionati al termine di un processo di ricerca ed individuazione dei progetti e delle Propriet\u00e0 Intellettuali a pi\u00f9 alto potenziale. In qualit\u00e0 di Publisher, il Gruppo oltre a finanziare la creazione del videogioco, si occupa di supervisionarne [&hellip;]<\/p>\n","protected":false},"author":1,"featured_media":5791,"parent":3296,"menu_order":1,"comment_status":"closed","ping_status":"closed","template":"page-white-label.php","meta":{"_acf_changed":false,"footnotes":""},"class_list":["post-3299","page","type-page","status-publish","has-post-thumbnail","hentry"],"acf":[],"yoast_head":"<!-- This site is optimized with the Yoast SEO plugin v27.0 - https:\/\/yoast.com\/product\/yoast-seo-wordpress\/ -->\n<title>Publishing - Digital Bros<\/title>\n<meta name=\"robots\" content=\"index, follow, max-snippet:-1, max-image-preview:large, max-video-preview:-1\" \/>\n<link rel=\"canonical\" href=\"https:\/\/digitalbros.com\/it\/attivita\/publishing\/\" \/>\n<meta property=\"og:locale\" content=\"it_IT\" \/>\n<meta property=\"og:type\" content=\"article\" \/>\n<meta property=\"og:title\" content=\"Publishing - Digital Bros\" \/>\n<meta property=\"og:description\" content=\"I videogiochi pubblicati dal Gruppo possono essere sviluppati sia dagli Studios interni del Gruppo oppure da sviluppatori indipendenti selezionati al termine di un processo di ricerca ed individuazione dei progetti e delle Propriet\u00e0 Intellettuali a pi\u00f9 alto potenziale. In qualit\u00e0 di Publisher, il Gruppo oltre a finanziare la creazione del videogioco, si occupa di supervisionarne [&hellip;]\" \/>\n<meta property=\"og:url\" content=\"https:\/\/digitalbros.com\/it\/attivita\/publishing\/\" \/>\n<meta property=\"og:site_name\" content=\"Digital Bros\" \/>\n<meta property=\"article:modified_time\" content=\"2026-01-07T11:01:02+00:00\" \/>\n<meta property=\"og:image\" content=\"https:\/\/digitalbros.com\/wp-content\/uploads\/2021\/11\/publishing.jpg\" \/>\n\t<meta property=\"og:image:width\" content=\"540\" \/>\n\t<meta property=\"og:image:height\" content=\"285\" \/>\n\t<meta property=\"og:image:type\" content=\"image\/jpeg\" \/>\n<meta name=\"twitter:card\" content=\"summary_large_image\" \/>\n<meta name=\"twitter:label1\" content=\"Tempo di lettura stimato\" \/>\n\t<meta name=\"twitter:data1\" content=\"1 minuto\" \/>\n<script type=\"application\/ld+json\" class=\"yoast-schema-graph\">{\"@context\":\"https:\/\/schema.org\",\"@graph\":[{\"@type\":\"WebPage\",\"@id\":\"https:\/\/digitalbros.com\/it\/attivita\/publishing\/\",\"url\":\"https:\/\/digitalbros.com\/it\/attivita\/publishing\/\",\"name\":\"Publishing - Digital Bros\",\"isPartOf\":{\"@id\":\"https:\/\/digitalbros.com\/#website\"},\"primaryImageOfPage\":{\"@id\":\"https:\/\/digitalbros.com\/it\/attivita\/publishing\/#primaryimage\"},\"image\":{\"@id\":\"https:\/\/digitalbros.com\/it\/attivita\/publishing\/#primaryimage\"},\"thumbnailUrl\":\"https:\/\/digitalbros.com\/wp-content\/uploads\/2021\/11\/publishing.jpg\",\"datePublished\":\"2021-10-07T14:14:34+00:00\",\"dateModified\":\"2026-01-07T11:01:02+00:00\",\"breadcrumb\":{\"@id\":\"https:\/\/digitalbros.com\/it\/attivita\/publishing\/#breadcrumb\"},\"inLanguage\":\"it-IT\",\"potentialAction\":[{\"@type\":\"ReadAction\",\"target\":[\"https:\/\/digitalbros.com\/it\/attivita\/publishing\/\"]}]},{\"@type\":\"ImageObject\",\"inLanguage\":\"it-IT\",\"@id\":\"https:\/\/digitalbros.com\/it\/attivita\/publishing\/#primaryimage\",\"url\":\"https:\/\/digitalbros.com\/wp-content\/uploads\/2021\/11\/publishing.jpg\",\"contentUrl\":\"https:\/\/digitalbros.com\/wp-content\/uploads\/2021\/11\/publishing.jpg\",\"width\":540,\"height\":285},{\"@type\":\"BreadcrumbList\",\"@id\":\"https:\/\/digitalbros.com\/it\/attivita\/publishing\/#breadcrumb\",\"itemListElement\":[{\"@type\":\"ListItem\",\"position\":1,\"name\":\"Home\",\"item\":\"https:\/\/digitalbros.com\/it\/\"},{\"@type\":\"ListItem\",\"position\":2,\"name\":\"Attivit\u00e0\",\"item\":\"https:\/\/digitalbros.com\/it\/attivita\/\"},{\"@type\":\"ListItem\",\"position\":3,\"name\":\"Publishing\"}]},{\"@type\":\"WebSite\",\"@id\":\"https:\/\/digitalbros.com\/#website\",\"url\":\"https:\/\/digitalbros.com\/\",\"name\":\"Digital Bros\",\"description\":\"A Global Company in Digital Entertainment Industry\",\"publisher\":{\"@id\":\"https:\/\/digitalbros.com\/#organization\"},\"potentialAction\":[{\"@type\":\"SearchAction\",\"target\":{\"@type\":\"EntryPoint\",\"urlTemplate\":\"https:\/\/digitalbros.com\/?s={search_term_string}\"},\"query-input\":{\"@type\":\"PropertyValueSpecification\",\"valueRequired\":true,\"valueName\":\"search_term_string\"}}],\"inLanguage\":\"it-IT\"},{\"@type\":\"Organization\",\"@id\":\"https:\/\/digitalbros.com\/#organization\",\"name\":\"Digital Bros\",\"url\":\"https:\/\/digitalbros.com\/\",\"logo\":{\"@type\":\"ImageObject\",\"inLanguage\":\"it-IT\",\"@id\":\"https:\/\/digitalbros.com\/#\/schema\/logo\/image\/\",\"url\":\"https:\/\/digitalbros.com\/wp-content\/uploads\/2022\/01\/DB_logo_wt.png\",\"contentUrl\":\"https:\/\/digitalbros.com\/wp-content\/uploads\/2022\/01\/DB_logo_wt.png\",\"width\":1535,\"height\":402,\"caption\":\"Digital Bros\"},\"image\":{\"@id\":\"https:\/\/digitalbros.com\/#\/schema\/logo\/image\/\"}}]}<\/script>\n<!-- \/ Yoast SEO plugin. -->","yoast_head_json":{"title":"Publishing - Digital Bros","robots":{"index":"index","follow":"follow","max-snippet":"max-snippet:-1","max-image-preview":"max-image-preview:large","max-video-preview":"max-video-preview:-1"},"canonical":"https:\/\/digitalbros.com\/it\/attivita\/publishing\/","og_locale":"it_IT","og_type":"article","og_title":"Publishing - Digital Bros","og_description":"I videogiochi pubblicati dal Gruppo possono essere sviluppati sia dagli Studios interni del Gruppo oppure da sviluppatori indipendenti selezionati al termine di un processo di ricerca ed individuazione dei progetti e delle Propriet\u00e0 Intellettuali a pi\u00f9 alto potenziale. In qualit\u00e0 di Publisher, il Gruppo oltre a finanziare la creazione del videogioco, si occupa di supervisionarne [&hellip;]","og_url":"https:\/\/digitalbros.com\/it\/attivita\/publishing\/","og_site_name":"Digital Bros","article_modified_time":"2026-01-07T11:01:02+00:00","og_image":[{"width":540,"height":285,"url":"https:\/\/digitalbros.com\/wp-content\/uploads\/2021\/11\/publishing.jpg","type":"image\/jpeg"}],"twitter_card":"summary_large_image","twitter_misc":{"Tempo di lettura stimato":"1 minuto"},"schema":{"@context":"https:\/\/schema.org","@graph":[{"@type":"WebPage","@id":"https:\/\/digitalbros.com\/it\/attivita\/publishing\/","url":"https:\/\/digitalbros.com\/it\/attivita\/publishing\/","name":"Publishing - Digital Bros","isPartOf":{"@id":"https:\/\/digitalbros.com\/#website"},"primaryImageOfPage":{"@id":"https:\/\/digitalbros.com\/it\/attivita\/publishing\/#primaryimage"},"image":{"@id":"https:\/\/digitalbros.com\/it\/attivita\/publishing\/#primaryimage"},"thumbnailUrl":"https:\/\/digitalbros.com\/wp-content\/uploads\/2021\/11\/publishing.jpg","datePublished":"2021-10-07T14:14:34+00:00","dateModified":"2026-01-07T11:01:02+00:00","breadcrumb":{"@id":"https:\/\/digitalbros.com\/it\/attivita\/publishing\/#breadcrumb"},"inLanguage":"it-IT","potentialAction":[{"@type":"ReadAction","target":["https:\/\/digitalbros.com\/it\/attivita\/publishing\/"]}]},{"@type":"ImageObject","inLanguage":"it-IT","@id":"https:\/\/digitalbros.com\/it\/attivita\/publishing\/#primaryimage","url":"https:\/\/digitalbros.com\/wp-content\/uploads\/2021\/11\/publishing.jpg","contentUrl":"https:\/\/digitalbros.com\/wp-content\/uploads\/2021\/11\/publishing.jpg","width":540,"height":285},{"@type":"BreadcrumbList","@id":"https:\/\/digitalbros.com\/it\/attivita\/publishing\/#breadcrumb","itemListElement":[{"@type":"ListItem","position":1,"name":"Home","item":"https:\/\/digitalbros.com\/it\/"},{"@type":"ListItem","position":2,"name":"Attivit\u00e0","item":"https:\/\/digitalbros.com\/it\/attivita\/"},{"@type":"ListItem","position":3,"name":"Publishing"}]},{"@type":"WebSite","@id":"https:\/\/digitalbros.com\/#website","url":"https:\/\/digitalbros.com\/","name":"Digital Bros","description":"A Global Company in Digital Entertainment Industry","publisher":{"@id":"https:\/\/digitalbros.com\/#organization"},"potentialAction":[{"@type":"SearchAction","target":{"@type":"EntryPoint","urlTemplate":"https:\/\/digitalbros.com\/?s={search_term_string}"},"query-input":{"@type":"PropertyValueSpecification","valueRequired":true,"valueName":"search_term_string"}}],"inLanguage":"it-IT"},{"@type":"Organization","@id":"https:\/\/digitalbros.com\/#organization","name":"Digital Bros","url":"https:\/\/digitalbros.com\/","logo":{"@type":"ImageObject","inLanguage":"it-IT","@id":"https:\/\/digitalbros.com\/#\/schema\/logo\/image\/","url":"https:\/\/digitalbros.com\/wp-content\/uploads\/2022\/01\/DB_logo_wt.png","contentUrl":"https:\/\/digitalbros.com\/wp-content\/uploads\/2022\/01\/DB_logo_wt.png","width":1535,"height":402,"caption":"Digital Bros"},"image":{"@id":"https:\/\/digitalbros.com\/#\/schema\/logo\/image\/"}}]}},"_links":{"self":[{"href":"https:\/\/digitalbros.com\/it\/wp-json\/wp\/v2\/pages\/3299","targetHints":{"allow":["GET"]}}],"collection":[{"href":"https:\/\/digitalbros.com\/it\/wp-json\/wp\/v2\/pages"}],"about":[{"href":"https:\/\/digitalbros.com\/it\/wp-json\/wp\/v2\/types\/page"}],"author":[{"embeddable":true,"href":"https:\/\/digitalbros.com\/it\/wp-json\/wp\/v2\/users\/1"}],"replies":[{"embeddable":true,"href":"https:\/\/digitalbros.com\/it\/wp-json\/wp\/v2\/comments?post=3299"}],"version-history":[{"count":0,"href":"https:\/\/digitalbros.com\/it\/wp-json\/wp\/v2\/pages\/3299\/revisions"}],"up":[{"embeddable":true,"href":"https:\/\/digitalbros.com\/it\/wp-json\/wp\/v2\/pages\/3296"}],"wp:featuredmedia":[{"embeddable":true,"href":"https:\/\/digitalbros.com\/it\/wp-json\/wp\/v2\/media\/5791"}],"wp:attachment":[{"href":"https:\/\/digitalbros.com\/it\/wp-json\/wp\/v2\/media?parent=3299"}],"curies":[{"name":"wp","href":"https:\/\/api.w.org\/{rel}","templated":true}]}}