{"id":3301,"date":"2021-10-07T16:15:45","date_gmt":"2021-10-07T14:15:45","guid":{"rendered":"https:\/\/digitalbros.com\/?page_id=3301"},"modified":"2026-01-07T11:50:47","modified_gmt":"2026-01-07T10:50:47","slug":"studios","status":"publish","type":"page","link":"https:\/\/digitalbros.com\/it\/attivita\/studios\/","title":{"rendered":"Studios"},"content":{"rendered":"<section class=\"block--text-image-element mb-24 relative b-ltr\">\r\n\r\n    <div class=\"flex flex-col lg:flex-row justify-between\">\r\n        <div class=\"block--text-image-element--image z-10 relative lg:w-1\/2\">\r\n            <div class=\"js-image-container\">\r\n                <img decoding=\"async\" class=\"js-post-featured-image\" src=\"https:\/\/digitalbros.com\/wp-content\/uploads\/2021\/11\/studios_1080x1080-1024x1024.jpg\" \/>\r\n            <\/div>\r\n        <\/div>\r\n\r\n        <div class=\"block--text-image-element--content flex flex-col justify-center p-10 bg-lightgray lg:w-1\/2\">\r\n            <h2 class=\"text-2xl font-black leading-none px-4 text-red uppercase has-kebab-line\">\r\n                STUDIOS            <\/h2>\r\n            <div class=\"js-post-container\">\r\n                <p>\r\n                    <strong class=\"js-post-date\">\r\n                        Dal sogno al videogioco                    <\/strong>\r\n                <\/p>\r\n\r\n                <div class=\"mt-8 lg:my-8\">\r\n                    <div class=\"js-post-excerpt\">\r\n                        <p>L\u2019attivit\u00e0 di sviluppo viene svolta attraverso gli <em>Studios, <\/em>studi di sviluppo interni del Gruppo:<br \/>\n<div class=\"pt-4 flex flex-row space-around content-center space-x-5 \"><div class=\"p-4\"><a href=\"https:\/\/www.drstudios.co.uk\/\" target=\"_blank\"><img decoding=\"async\" src=\"https:\/\/digitalbros.com\/wp-content\/themes\/digitalbros2022\/images\/01_logo.png\"><\/a><\/div><div class=\"p-4\"><a href=\"http:\/\/www.kunos-simulazioni.com\/main\/ \" target=\"_blank\"><img decoding=\"async\" src=\"https:\/\/digitalbros.com\/wp-content\/themes\/digitalbros2022\/images\/02_logo.png\"><\/a><\/div><\/div><div class=\"flex pt-2 flex-row space-around content-center space-x-4\"><div class=\"p-4\"><a href=\"https:\/\/infinityplustwo.net\/\" target=\"_blank\"><img decoding=\"async\" src=\"https:\/\/digitalbros.com\/wp-content\/themes\/digitalbros2022\/images\/04_logo.png\"><\/a><\/div><div class=\"p-4\"><a href=\"https:\/\/supernovagamesstudios.com\/it\/\" target=\"_blank\"><img decoding=\"async\" src=\"https:\/\/digitalbros.com\/wp-content\/themes\/digitalbros2022\/images\/05_logo.png\"><\/a><\/div><\/div><div class=\"flex pt-2 flex-row space-around content-center space-x-4\"><div class=\"p-4\"><img decoding=\"async\" src=\"https:\/\/digitalbros.com\/wp-content\/themes\/digitalbros2022\/images\/03_logo_d.png\"><\/div><div class=\"p-4\"><a href=\"https:\/\/www.nesting-games.com\/\" target=\"_blank\"><img decoding=\"async\" src=\"https:\/\/digitalbros.com\/wp-content\/themes\/digitalbros2022\/images\/06_logo.png\"><\/a><\/div><div class=\"p-4\"><a href=\"https:\/\/ingamestudios.com\/ \" target=\"_blank\"><img decoding=\"async\" src=\"https:\/\/digitalbros.com\/wp-content\/themes\/digitalbros2022\/images\/07_logo.png\"><\/a><\/div><\/div><\/p>\n                    <\/div>\r\n                <\/div>\r\n            <\/div>\r\n\r\n        <\/div>\r\n    <\/div>\r\n\r\n<\/section>\r\n\n\n\n<h3 class=\"wp-block-heading\"><strong>DR STUDIOS<\/strong><\/h3>\n\n\n\n<p>\u00e8 uno studio di sviluppo con sede a Milton Keynes, UK, acquisito nel 2015. Il team, oltre ad essere creatore di alcune IP interne, sviluppa e coordina le attivit\u00e0 del segmento Free to Play del Gruppo.<\/p>\n\n\n\n<h3 class=\"wp-block-heading\"><strong>KUNOS SIMULAZIONI<\/strong><\/h3>\n\n\n\n<p>\u00e8 uno studio italiano con esperienza pluriennale nella realizzazione di simulatori di guida per le principali aziende automobilistiche mondiali. Acquisito nel 2017, lo studio \u00e8 il creatore del pluri-acclamato videogioco Assetto Corsa, molto apprezzato per il suo estremo realismo.<\/p>\n\n\n\n<h3 class=\"wp-block-heading\"><strong>INFINITY PLUS TWO<\/strong><\/h3>\n\n\n\n<p>acquisito dal Gruppo nel gennaio 2021 al fine di ampliare ulteriormente la divisione Free to Play, Infinity Plus Two \u00e8 uno studio australiano con sede a Melbourne, creatori dei videogiochi best seller Gems of War e Puzzle Quest. <\/p>\n\n\n\n<h3 class=\"wp-block-heading\"><strong>AVANTGARDEN<\/strong><\/h3>\n\n\n\n<p>creativit\u00e0 e passione sono i pilastri alla base dello studio acquisito dal Gruppo nel 2020. Precedentemente conosciuto come Ovosonico, AvantGarden \u00e8 lo studio italiano, creatore di titoli d\u2019eccellenza e pluripremiati quali Murasaki Baby e Last Day of June.<\/p>\n\n\n\n<h3 class=\"wp-block-heading\"><strong>SUPERNOVA GAMES STUDIOS<\/strong><\/h3>\n\n\n\n<p>Supernova Games Studios \u00e8 uno studio italiano creato con l\u2019obbiettivo di ampliare alcune delle IP strategiche del Gruppo. Sperimentazione e innovazione tecnologica volte a creare contenuti all\u2019avanguardia prodotti con Unreal Engine 5 sono al cuore di Supernova Games.<\/p>\n\n\n\n<h3 class=\"wp-block-heading\"><strong>NESTING GAMES<\/strong><\/h3>\n\n\n\n<p>con sede a Qu\u00e9bec City, Nesting Games \u00e8 l&#8217;ultimo arrivato in casa Digital Bros. Lo studio canadese \u00e8 specializzato nello sviluppo di RPG (giochi di ruolo) che si distinguono per personaggi profondi, una forte componente narrativa e un <em>gameplay <\/em>coinvolgente e immersivo.<\/p>\n\n\n\n<h3 class=\"wp-block-heading\"><strong>INGAME STUDIOS<\/strong><\/h3>\n\n\n\n<p>nel luglio 2021 il Gruppo acquisisce Ingame Studios con sede a Brno. Il <em>team <\/em>di IGS \u00e8 specializzato nella progettazione e nello sviluppo di videogiochi sparatutto in prima persona per PC e console, realizzati con Unreal Engine.<\/p>\n\n\n\n<p><\/p>\n","protected":false},"excerpt":{"rendered":"<p>DR STUDIOS \u00e8 uno studio di sviluppo con sede a Milton Keynes, UK, acquisito nel 2015. Il team, oltre ad essere creatore di alcune IP interne, sviluppa e coordina le attivit\u00e0 del segmento Free to Play del Gruppo. KUNOS SIMULAZIONI \u00e8 uno studio italiano con esperienza pluriennale nella realizzazione di simulatori di guida per le [&hellip;]<\/p>\n","protected":false},"author":1,"featured_media":5792,"parent":3296,"menu_order":2,"comment_status":"closed","ping_status":"closed","template":"page-white-label.php","meta":{"_acf_changed":false,"footnotes":""},"class_list":["post-3301","page","type-page","status-publish","has-post-thumbnail","hentry"],"acf":[],"yoast_head":"<!-- This site is optimized with the Yoast SEO plugin v27.0 - https:\/\/yoast.com\/product\/yoast-seo-wordpress\/ -->\n<title>Studios - Digital Bros<\/title>\n<meta name=\"robots\" content=\"index, follow, max-snippet:-1, max-image-preview:large, max-video-preview:-1\" \/>\n<link rel=\"canonical\" href=\"https:\/\/digitalbros.com\/it\/attivita\/studios\/\" \/>\n<meta property=\"og:locale\" content=\"it_IT\" \/>\n<meta property=\"og:type\" content=\"article\" \/>\n<meta property=\"og:title\" content=\"Studios - Digital Bros\" \/>\n<meta property=\"og:description\" content=\"DR STUDIOS \u00e8 uno studio di sviluppo con sede a Milton Keynes, UK, acquisito nel 2015. Il team, oltre ad essere creatore di alcune IP interne, sviluppa e coordina le attivit\u00e0 del segmento Free to Play del Gruppo. KUNOS SIMULAZIONI \u00e8 uno studio italiano con esperienza pluriennale nella realizzazione di simulatori di guida per le [&hellip;]\" \/>\n<meta property=\"og:url\" content=\"https:\/\/digitalbros.com\/it\/attivita\/studios\/\" \/>\n<meta property=\"og:site_name\" content=\"Digital Bros\" \/>\n<meta property=\"article:modified_time\" content=\"2026-01-07T10:50:47+00:00\" \/>\n<meta property=\"og:image\" content=\"https:\/\/digitalbros.com\/wp-content\/uploads\/2021\/11\/studios.jpg\" \/>\n\t<meta property=\"og:image:width\" content=\"540\" \/>\n\t<meta property=\"og:image:height\" content=\"285\" \/>\n\t<meta property=\"og:image:type\" content=\"image\/jpeg\" \/>\n<meta name=\"twitter:card\" content=\"summary_large_image\" \/>\n<meta name=\"twitter:label1\" content=\"Tempo di lettura stimato\" \/>\n\t<meta name=\"twitter:data1\" content=\"2 minuti\" \/>\n<script type=\"application\/ld+json\" class=\"yoast-schema-graph\">{\"@context\":\"https:\/\/schema.org\",\"@graph\":[{\"@type\":\"WebPage\",\"@id\":\"https:\/\/digitalbros.com\/it\/attivita\/studios\/\",\"url\":\"https:\/\/digitalbros.com\/it\/attivita\/studios\/\",\"name\":\"Studios - Digital Bros\",\"isPartOf\":{\"@id\":\"https:\/\/digitalbros.com\/#website\"},\"primaryImageOfPage\":{\"@id\":\"https:\/\/digitalbros.com\/it\/attivita\/studios\/#primaryimage\"},\"image\":{\"@id\":\"https:\/\/digitalbros.com\/it\/attivita\/studios\/#primaryimage\"},\"thumbnailUrl\":\"https:\/\/digitalbros.com\/wp-content\/uploads\/2021\/11\/studios.jpg\",\"datePublished\":\"2021-10-07T14:15:45+00:00\",\"dateModified\":\"2026-01-07T10:50:47+00:00\",\"breadcrumb\":{\"@id\":\"https:\/\/digitalbros.com\/it\/attivita\/studios\/#breadcrumb\"},\"inLanguage\":\"it-IT\",\"potentialAction\":[{\"@type\":\"ReadAction\",\"target\":[\"https:\/\/digitalbros.com\/it\/attivita\/studios\/\"]}]},{\"@type\":\"ImageObject\",\"inLanguage\":\"it-IT\",\"@id\":\"https:\/\/digitalbros.com\/it\/attivita\/studios\/#primaryimage\",\"url\":\"https:\/\/digitalbros.com\/wp-content\/uploads\/2021\/11\/studios.jpg\",\"contentUrl\":\"https:\/\/digitalbros.com\/wp-content\/uploads\/2021\/11\/studios.jpg\",\"width\":540,\"height\":285},{\"@type\":\"BreadcrumbList\",\"@id\":\"https:\/\/digitalbros.com\/it\/attivita\/studios\/#breadcrumb\",\"itemListElement\":[{\"@type\":\"ListItem\",\"position\":1,\"name\":\"Home\",\"item\":\"https:\/\/digitalbros.com\/it\/\"},{\"@type\":\"ListItem\",\"position\":2,\"name\":\"Attivit\u00e0\",\"item\":\"https:\/\/digitalbros.com\/it\/attivita\/\"},{\"@type\":\"ListItem\",\"position\":3,\"name\":\"Studios\"}]},{\"@type\":\"WebSite\",\"@id\":\"https:\/\/digitalbros.com\/#website\",\"url\":\"https:\/\/digitalbros.com\/\",\"name\":\"Digital Bros\",\"description\":\"A Global Company in Digital Entertainment Industry\",\"publisher\":{\"@id\":\"https:\/\/digitalbros.com\/#organization\"},\"potentialAction\":[{\"@type\":\"SearchAction\",\"target\":{\"@type\":\"EntryPoint\",\"urlTemplate\":\"https:\/\/digitalbros.com\/?s={search_term_string}\"},\"query-input\":{\"@type\":\"PropertyValueSpecification\",\"valueRequired\":true,\"valueName\":\"search_term_string\"}}],\"inLanguage\":\"it-IT\"},{\"@type\":\"Organization\",\"@id\":\"https:\/\/digitalbros.com\/#organization\",\"name\":\"Digital Bros\",\"url\":\"https:\/\/digitalbros.com\/\",\"logo\":{\"@type\":\"ImageObject\",\"inLanguage\":\"it-IT\",\"@id\":\"https:\/\/digitalbros.com\/#\/schema\/logo\/image\/\",\"url\":\"https:\/\/digitalbros.com\/wp-content\/uploads\/2022\/01\/DB_logo_wt.png\",\"contentUrl\":\"https:\/\/digitalbros.com\/wp-content\/uploads\/2022\/01\/DB_logo_wt.png\",\"width\":1535,\"height\":402,\"caption\":\"Digital Bros\"},\"image\":{\"@id\":\"https:\/\/digitalbros.com\/#\/schema\/logo\/image\/\"}}]}<\/script>\n<!-- \/ Yoast SEO plugin. -->","yoast_head_json":{"title":"Studios - Digital Bros","robots":{"index":"index","follow":"follow","max-snippet":"max-snippet:-1","max-image-preview":"max-image-preview:large","max-video-preview":"max-video-preview:-1"},"canonical":"https:\/\/digitalbros.com\/it\/attivita\/studios\/","og_locale":"it_IT","og_type":"article","og_title":"Studios - Digital Bros","og_description":"DR STUDIOS \u00e8 uno studio di sviluppo con sede a Milton Keynes, UK, acquisito nel 2015. Il team, oltre ad essere creatore di alcune IP interne, sviluppa e coordina le attivit\u00e0 del segmento Free to Play del Gruppo. KUNOS SIMULAZIONI \u00e8 uno studio italiano con esperienza pluriennale nella realizzazione di simulatori di guida per le [&hellip;]","og_url":"https:\/\/digitalbros.com\/it\/attivita\/studios\/","og_site_name":"Digital Bros","article_modified_time":"2026-01-07T10:50:47+00:00","og_image":[{"width":540,"height":285,"url":"https:\/\/digitalbros.com\/wp-content\/uploads\/2021\/11\/studios.jpg","type":"image\/jpeg"}],"twitter_card":"summary_large_image","twitter_misc":{"Tempo di lettura stimato":"2 minuti"},"schema":{"@context":"https:\/\/schema.org","@graph":[{"@type":"WebPage","@id":"https:\/\/digitalbros.com\/it\/attivita\/studios\/","url":"https:\/\/digitalbros.com\/it\/attivita\/studios\/","name":"Studios - Digital Bros","isPartOf":{"@id":"https:\/\/digitalbros.com\/#website"},"primaryImageOfPage":{"@id":"https:\/\/digitalbros.com\/it\/attivita\/studios\/#primaryimage"},"image":{"@id":"https:\/\/digitalbros.com\/it\/attivita\/studios\/#primaryimage"},"thumbnailUrl":"https:\/\/digitalbros.com\/wp-content\/uploads\/2021\/11\/studios.jpg","datePublished":"2021-10-07T14:15:45+00:00","dateModified":"2026-01-07T10:50:47+00:00","breadcrumb":{"@id":"https:\/\/digitalbros.com\/it\/attivita\/studios\/#breadcrumb"},"inLanguage":"it-IT","potentialAction":[{"@type":"ReadAction","target":["https:\/\/digitalbros.com\/it\/attivita\/studios\/"]}]},{"@type":"ImageObject","inLanguage":"it-IT","@id":"https:\/\/digitalbros.com\/it\/attivita\/studios\/#primaryimage","url":"https:\/\/digitalbros.com\/wp-content\/uploads\/2021\/11\/studios.jpg","contentUrl":"https:\/\/digitalbros.com\/wp-content\/uploads\/2021\/11\/studios.jpg","width":540,"height":285},{"@type":"BreadcrumbList","@id":"https:\/\/digitalbros.com\/it\/attivita\/studios\/#breadcrumb","itemListElement":[{"@type":"ListItem","position":1,"name":"Home","item":"https:\/\/digitalbros.com\/it\/"},{"@type":"ListItem","position":2,"name":"Attivit\u00e0","item":"https:\/\/digitalbros.com\/it\/attivita\/"},{"@type":"ListItem","position":3,"name":"Studios"}]},{"@type":"WebSite","@id":"https:\/\/digitalbros.com\/#website","url":"https:\/\/digitalbros.com\/","name":"Digital Bros","description":"A Global Company in Digital Entertainment Industry","publisher":{"@id":"https:\/\/digitalbros.com\/#organization"},"potentialAction":[{"@type":"SearchAction","target":{"@type":"EntryPoint","urlTemplate":"https:\/\/digitalbros.com\/?s={search_term_string}"},"query-input":{"@type":"PropertyValueSpecification","valueRequired":true,"valueName":"search_term_string"}}],"inLanguage":"it-IT"},{"@type":"Organization","@id":"https:\/\/digitalbros.com\/#organization","name":"Digital Bros","url":"https:\/\/digitalbros.com\/","logo":{"@type":"ImageObject","inLanguage":"it-IT","@id":"https:\/\/digitalbros.com\/#\/schema\/logo\/image\/","url":"https:\/\/digitalbros.com\/wp-content\/uploads\/2022\/01\/DB_logo_wt.png","contentUrl":"https:\/\/digitalbros.com\/wp-content\/uploads\/2022\/01\/DB_logo_wt.png","width":1535,"height":402,"caption":"Digital Bros"},"image":{"@id":"https:\/\/digitalbros.com\/#\/schema\/logo\/image\/"}}]}},"_links":{"self":[{"href":"https:\/\/digitalbros.com\/it\/wp-json\/wp\/v2\/pages\/3301","targetHints":{"allow":["GET"]}}],"collection":[{"href":"https:\/\/digitalbros.com\/it\/wp-json\/wp\/v2\/pages"}],"about":[{"href":"https:\/\/digitalbros.com\/it\/wp-json\/wp\/v2\/types\/page"}],"author":[{"embeddable":true,"href":"https:\/\/digitalbros.com\/it\/wp-json\/wp\/v2\/users\/1"}],"replies":[{"embeddable":true,"href":"https:\/\/digitalbros.com\/it\/wp-json\/wp\/v2\/comments?post=3301"}],"version-history":[{"count":0,"href":"https:\/\/digitalbros.com\/it\/wp-json\/wp\/v2\/pages\/3301\/revisions"}],"up":[{"embeddable":true,"href":"https:\/\/digitalbros.com\/it\/wp-json\/wp\/v2\/pages\/3296"}],"wp:featuredmedia":[{"embeddable":true,"href":"https:\/\/digitalbros.com\/it\/wp-json\/wp\/v2\/media\/5792"}],"wp:attachment":[{"href":"https:\/\/digitalbros.com\/it\/wp-json\/wp\/v2\/media?parent=3301"}],"curies":[{"name":"wp","href":"https:\/\/api.w.org\/{rel}","templated":true}]}}